{"id":14,"date":"2022-05-24T14:57:58","date_gmt":"2022-05-24T14:57:58","guid":{"rendered":"https:\/\/startersites.io\/blocksy\/barber-shop\/?page_id=14"},"modified":"2025-06-07T17:21:10","modified_gmt":"2025-06-07T17:21:10","slug":"about","status":"publish","type":"page","link":"https:\/\/instalacionesmeraki.com\/index.php\/about\/","title":{"rendered":"SOBRE NOSOTROS"},"content":{"rendered":"\n<div class=\"wp-block-stackable-columns alignfull stk-block-columns stk-block stk-15a816e stk-block-background stk--has-background-overlay\" data-block-id=\"15a816e\"><style>.stk-15a816e {background-color:var(--theme-palette-color-8, #ffffff) !important;background-image:url(https:\/\/instalacionesmeraki.com\/wp-content\/uploads\/2022\/05\/lines-background.svg) !important;padding-top:100px !important;padding-bottom:100px !important;margin-bottom:0px !important;}.stk-15a816e:before{background-color:var(--theme-palette-color-8, #ffffff) !important;opacity:0.4 !important;}.stk-15a816e-column{--stk-column-gap:100px !important;row-gap:50px !important;}@media screen and (max-width:999px){.stk-15a816e {padding-top:60px !important;padding-bottom:60px !important;}}<\/style><div class=\"stk-row stk-inner-blocks stk-block-content stk-content-align stk-15a816e-column\">\n<div class=\"wp-block-stackable-column stk-block-column stk-column stk-block stk-0c21965\" data-v=\"4\" data-block-id=\"0c21965\"><style>.stk-0c21965-container{margin-top:0px !important;margin-right:0px !important;margin-bottom:0px !important;margin-left:0px !important;}@media screen and (min-width:690px) and (max-width:999px){.stk-0c21965 {flex:var(--stk-flex-grow, 1) 1 calc(100% - var(--stk-column-gap, 0px) * 0 \/ 1 ) !important;}}<\/style><div class=\"stk-column-wrapper stk-block-column__content stk-container stk-0c21965-container stk--no-background stk--no-padding\"><div class=\"stk-block-content stk-inner-blocks stk-0c21965-inner-blocks\">\n<div class=\"wp-block-stackable-text stk-block-text stk-block stk-88ec6eb\" data-block-id=\"88ec6eb\"><style>.stk-88ec6eb {margin-bottom:30px !important;}.stk-88ec6eb .stk-block-text__text{font-size:16px !important;color:var(--theme-palette-color-1, #EA714C) !important;font-weight:600 !important;text-transform:uppercase !important;}@media screen and (max-width:999px){.stk-88ec6eb {margin-bottom:20px !important;}.stk-88ec6eb .stk-block-text__text{font-size:14px !important;}}<\/style><p class=\"stk-block-text__text has-text-color has-text-align-center-tablet\">NUESTRA HISTORIA <\/p><\/div>\n\n\n\n<div class=\"wp-block-stackable-heading stk-block-heading stk-block-heading--v2 stk-block stk-a0b6678\" id=\"nuestra-historia\" data-block-id=\"a0b6678\"><style>.stk-a0b6678 {margin-bottom:30px !important;}.stk-a0b6678 .stk-block-heading__text{font-size:50px !important;}@media screen and (max-width:999px){.stk-a0b6678 .stk-block-heading__text{font-size:35px !important;}}<\/style><h2 class=\"stk-block-heading__text has-text-align-center-tablet\">NUESTRA HISTORIA<\/h2><\/div>\n\n\n\n<div class=\"wp-block-stackable-text stk-block-text stk-block stk-bdf6189\" data-block-id=\"bdf6189\"><p class=\"stk-block-text__text has-text-align-center-tablet\">Instalaciones Meraki es una empresa profesional ubicada en la localidad de M\u00e1laga, especializada en climatizaci\u00f3n, calefacci\u00f3n, agua caliente sanitaria, instalaciones fotovoltaicas y reparaci\u00f3n de electrodom\u00e9sticos.<\/p><\/div>\n<\/div><\/div><\/div>\n\n\n\n<div class=\"wp-block-stackable-column stk-block-column stk-column stk-block stk-9579468\" data-v=\"4\" data-block-id=\"9579468\"><style>.stk-9579468-container{margin-top:0px !important;margin-right:0px !important;margin-bottom:0px !important;margin-left:0px !important;}@media screen and (min-width:690px) and (max-width:999px){.stk-9579468 {flex:var(--stk-flex-grow, 1) 1 calc(100% - var(--stk-column-gap, 0px) * 0 \/ 1 ) !important;}}<\/style><div class=\"stk-column-wrapper stk-block-column__content stk-container stk-9579468-container stk--no-background stk--no-padding\"><div class=\"stk-block-content stk-inner-blocks stk-9579468-inner-blocks\">\n<div class=\"wp-block-stackable-text stk-block-text stk-block stk-dffa682\" data-block-id=\"dffa682\"><p class=\"stk-block-text__text has-text-align-center-tablet\">Fundada por un t\u00e9cnico certificado en el Reglamento de Instalaciones T\u00e9rmicas en Edificios (RITE) y con formaci\u00f3n en integraci\u00f3n social e inteligencia emocional, nuestra empresa nace con el objetivo de fusionar los conocimientos adquiridos en diversas \u00e1reas para crear verdaderos hogares, donde cada persona se sienta acogida y en su lugar.<\/p><\/div>\n\n\n\n<p>En Instalaciones Meraki, buscamos ir m\u00e1s all\u00e1 de ofrecer soluciones t\u00e9rmicas. Nos dedicamos a crear un ambiente donde el confort y el bienestar sean elementos esenciales del hogar. Creemos en la importancia de brindar no solo calidad t\u00e9cnica, sino tambi\u00e9n un entorno c\u00e1lido, emocionalmente saludable y funcional, que haga de cada espacio un lugar \u00fanico para vivir.<\/p>\n<\/div><\/div><\/div>\n<\/div><\/div>\n\n\n\n<div class=\"wp-block-stackable-columns alignfull stk-block-columns stk-block stk-1917585 stk-block-background\" data-block-id=\"1917585\"><style>.stk-1917585 {background-color:var(--theme-palette-color-4, #1A1E21) !important;padding-top:100px !important;padding-bottom:100px !important;margin-bottom:0px !important;}.stk-1917585:before{background-color:var(--theme-palette-color-4, #1A1E21) !important;}@media screen and (max-width:999px){.stk-1917585 {padding-top:60px !important;padding-bottom:60px !important;}}<\/style><div class=\"stk-row stk-inner-blocks stk-block-content stk-content-align stk-1917585-column\">\n<div class=\"wp-block-stackable-column stk-block-column stk-column stk-block stk-71130b9\" data-v=\"4\" data-block-id=\"71130b9\"><style>.stk-71130b9-container{margin-top:0px !important;margin-right:0px !important;margin-bottom:0px !important;margin-left:0px !important;}<\/style><div class=\"stk-column-wrapper stk-block-column__content stk-container stk-71130b9-container stk--no-background stk--no-padding\"><div class=\"stk-block-content stk-inner-blocks stk-71130b9-inner-blocks\">\n<div class=\"wp-block-stackable-text stk-block-text stk-block stk-90b321c\" data-block-id=\"90b321c\"><style>.stk-90b321c {margin-bottom:10px !important;}.stk-90b321c .stk-block-text__text{font-size:16px !important;color:var(--theme-palette-color-1, #EA714C) !important;font-weight:600 !important;text-transform:uppercase !important;}@media screen and (max-width:999px){.stk-90b321c .stk-block-text__text{font-size:14px !important;}}<\/style><p class=\"stk-block-text__text has-text-color has-text-align-center\">un equipo apasionado y dedicado que trabaja para superar sus expectativas.<\/p><\/div>\n\n\n\n<div class=\"wp-block-stackable-heading stk-block-heading stk-block-heading--v2 stk-block stk-2770b02\" id=\"latest-articles\" data-block-id=\"2770b02\"><style>.stk-2770b02 {margin-bottom:50px !important;}.stk-2770b02 .stk-block-heading__text{color:var(--theme-palette-color-8, #ffffff) !important;}@media screen and (max-width:999px){.stk-2770b02 {margin-bottom:30px !important;}.stk-2770b02 .stk-block-heading__text{font-size:25px !important;}}<\/style><h2 class=\"stk-block-heading__text has-text-color has-text-align-center\">El coraz\u00f3n de Instalaciones Meraki<\/h2><\/div>\n\n\n\n<div class=\"wp-block-stackable-columns stk-block-columns stk-block stk-00ebbcc\" data-block-id=\"00ebbcc\"><style>.stk-00ebbcc {margin-bottom:50px !important;}.stk-00ebbcc-column{--stk-column-gap:30px !important;row-gap:50px !important;}<\/style><div class=\"stk-row stk-inner-blocks stk-block-content stk-content-align stk-00ebbcc-column\">\n<div class=\"wp-block-stackable-column stk-block-column stk-column stk-block stk-208681b\" data-v=\"4\" data-block-id=\"208681b\"><style>.stk-208681b-container{margin-top:0px !important;margin-right:0px !important;margin-bottom:0px !important;margin-left:0px !important;}<\/style><div class=\"stk-column-wrapper stk-block-column__content stk-container stk-208681b-container stk--no-background stk--no-padding\"><div class=\"stk-block-content stk-inner-blocks stk-208681b-inner-blocks\">\n<div class=\"wp-block-stackable-heading stk-block-heading stk-block-heading--v2 stk-block stk-5c4d047\" id=\"mision\" data-block-id=\"5c4d047\"><style>.stk-5c4d047 {margin-bottom:15px !important;}.stk-5c4d047 .stk-block-heading__text{color:var(--theme-palette-color-8, #ffffff) !important;}<\/style><h4 class=\"stk-block-heading__text has-text-color has-text-align-center\">MISI\u00d3N<\/h4><\/div>\n\n\n\n<div class=\"wp-block-stackable-text stk-block-text stk-block stk-5f8c7e5\" data-block-id=\"5f8c7e5\"><style>.stk-5f8c7e5 {margin-bottom:40px !important;opacity:0.5 !important;}.stk-5f8c7e5 .stk-block-text__text{color:var(--theme-palette-color-5, #D8D2CB) !important;}<\/style><p class=\"stk-block-text__text has-text-color has-text-align-center\">Brindar soluciones integrales en instalaciones t\u00e9rmicas y servicios relacionados, garantizando un ambiente de confort y bienestar en cada hogar. Nos comprometemos a ofrecer un servicio personalizado que no solo resuelva las necesidades t\u00e9cnicas de nuestros clientes, sino que tambi\u00e9n promueva un entorno acogedor y armonioso.<\/p><\/div>\n<\/div><\/div><\/div>\n\n\n\n<div class=\"wp-block-stackable-column stk-block-column stk-column stk-block stk-f5a21b0\" data-v=\"4\" data-block-id=\"f5a21b0\"><style>.stk-f5a21b0-container{margin-top:0px !important;margin-right:0px !important;margin-bottom:0px !important;margin-left:0px !important;}<\/style><div class=\"stk-column-wrapper stk-block-column__content stk-container stk-f5a21b0-container stk--no-background stk--no-padding\"><div class=\"stk-block-content stk-inner-blocks stk-f5a21b0-inner-blocks\">\n<div class=\"wp-block-stackable-heading stk-block-heading stk-block-heading--v2 stk-block stk-d594baa\" id=\"vision\" data-block-id=\"d594baa\"><style>.stk-d594baa {margin-bottom:15px !important;}.stk-d594baa .stk-block-heading__text{color:var(--theme-palette-color-8, #ffffff) !important;}<\/style><h4 class=\"stk-block-heading__text has-text-color has-text-align-center\">VISI\u00d3N<\/h4><\/div>\n\n\n\n<div class=\"wp-block-stackable-text stk-block-text stk-block stk-391f52a\" data-block-id=\"391f52a\"><style>.stk-391f52a {margin-bottom:40px !important;opacity:0.5 !important;}.stk-391f52a .stk-block-text__text{color:#ffffff !important;}<\/style><p class=\"stk-block-text__text has-text-color has-text-align-center\"><span style=\"color: #fefbfb;\" class=\"stk-highlight\">Convertirnos en la empresa l\u00edder en el sector de instalaciones t\u00e9rmicas y servicios de confort en el hogar, reconocida por nuestra calidad, atenci\u00f3n al cliente y enfoque en el bienestar emocional de nuestros clientes.<\/span><\/p><\/div>\n<\/div><\/div><\/div>\n\n\n\n<div class=\"wp-block-stackable-column stk-block-column stk-column stk-block stk-871d17f\" data-v=\"4\" data-block-id=\"871d17f\"><style>.stk-871d17f-container{margin-top:0px !important;margin-right:0px !important;margin-bottom:0px !important;margin-left:0px !important;}<\/style><div class=\"stk-column-wrapper stk-block-column__content stk-container stk-871d17f-container stk--no-background stk--no-padding\"><div class=\"stk-block-content stk-inner-blocks stk-871d17f-inner-blocks\">\n<div class=\"wp-block-stackable-heading stk-block-heading stk-block-heading--v2 stk-block stk-f7f6f32\" id=\"valores\" data-block-id=\"f7f6f32\"><style>.stk-f7f6f32 {margin-bottom:15px !important;}.stk-f7f6f32 .stk-block-heading__text{color:var(--theme-palette-color-8, #ffffff) !important;}<\/style><h4 class=\"stk-block-heading__text has-text-color has-text-align-center\">VALORES<\/h4><\/div>\n\n\n\n<ul class=\"wp-block-list has-palette-color-5-color has-text-color has-link-color wp-elements-e8bf5b38fb2d8984470c224c430c9784\">\n<li class=\"has-palette-color-5-color has-text-color has-link-color wp-elements-c8b1ba56ed0eaaea4edf378527e95824\"><strong>Compromiso<\/strong>: Nos comprometemos a ofrecer soluciones de alta calidad que garanticen el confort y bienestar de nuestros clientes.<\/li>\n\n\n\n<li class=\"has-palette-color-5-color has-text-color has-link-color wp-elements-00020501e8e23b44139faf327f5be21e\"><strong>Empat\u00eda<\/strong>: Valoramos la capacidad de entender y adaptarnos a las necesidades emocionales y sociales de las personas, creando ambientes que las hagan sentir acogidas y en su lugar.<\/li>\n\n\n\n<li class=\"has-palette-color-5-color has-text-color has-link-color wp-elements-02a7d7f8ee86f25bdf8af13840ec287e\"><strong>Innovaci\u00f3n<\/strong>: Buscamos constantemente nuevas soluciones tecnol\u00f3gicas y enfoques integrales que mejoren la calidad de vida de nuestros clientes.<\/li>\n\n\n\n<li class=\"has-palette-color-5-color has-text-color has-link-color wp-elements-2e341183c129ccedb17b138037f31aed\"><strong>Responsabilidad<\/strong>: Asumimos la responsabilidad de brindar un servicio \u00e9tico, profesional y respetuoso con el medio ambiente y las personas.<\/li>\n\n\n\n<li class=\"has-palette-color-5-color has-text-color has-link-color wp-elements-a09f97cf1d72a4f82d2a909eab1af56e\"><strong>Calidez<\/strong>: Creemos en la importancia de ofrecer un servicio cercano y humano, fomentando relaciones de confianza y bienestar.<\/li>\n<\/ul>\n\n\n\n<ul class=\"wp-block-list\">\n<li><\/li>\n<\/ul>\n<\/div><\/div><\/div>\n<\/div><\/div>\n\n\n\n<div class=\"wp-block-stackable-columns stk-block-columns stk-block stk-26ca7e8\" data-block-id=\"26ca7e8\"><style>.stk-26ca7e8-column{--stk-column-gap:30px !important;row-gap:50px !important;}<\/style><div class=\"stk-row stk-inner-blocks stk-block-content stk-content-align stk-26ca7e8-column\">\n<div class=\"wp-block-stackable-column stk-block-column stk-column stk-block stk-b2b0f5f\" data-v=\"4\" data-block-id=\"b2b0f5f\"><style>.stk-b2b0f5f-container{margin-top:0px !important;margin-right:0px !important;margin-bottom:0px !important;margin-left:0px !important;}<\/style><div class=\"stk-column-wrapper stk-block-column__content stk-container stk-b2b0f5f-container stk--no-background stk--no-padding\"><div class=\"stk-block-content stk-inner-blocks stk-b2b0f5f-inner-blocks\">\n<div class=\"wp-block-stackable-image stk-block-image stk-block stk-80bea7d\" data-block-id=\"80bea7d\"><style>.stk-80bea7d {margin-bottom:50px !important;}<\/style><figure><span class=\"stk-img-wrapper stk-image--shape-stretch\"><img loading=\"lazy\" decoding=\"async\" class=\"stk-img wp-image-921\" src=\"https:\/\/instalacionesmeraki.com\/wp-content\/uploads\/2025\/06\/WhatsApp-Image-2025-06-04-at-13.40.17-2-e1749316852756.jpeg\" width=\"900\" height=\"980\" srcset=\"https:\/\/instalacionesmeraki.com\/wp-content\/uploads\/2025\/06\/WhatsApp-Image-2025-06-04-at-13.40.17-2-e1749316852756.jpeg 900w, https:\/\/instalacionesmeraki.com\/wp-content\/uploads\/2025\/06\/WhatsApp-Image-2025-06-04-at-13.40.17-2-e1749316852756-276x300.jpeg 276w, https:\/\/instalacionesmeraki.com\/wp-content\/uploads\/2025\/06\/WhatsApp-Image-2025-06-04-at-13.40.17-2-e1749316852756-768x836.jpeg 768w\" sizes=\"auto, (max-width: 900px) 100vw, 900px\" \/><\/span><\/figure><\/div>\n\n\n\n<div class=\"wp-block-stackable-heading stk-block-heading stk-block-heading--v2 stk-block stk-ef238e6\" id=\"eva-escalera-lopez\" data-block-id=\"ef238e6\"><style>.stk-ef238e6 {margin-bottom:15px !important;}.stk-ef238e6 .stk-block-heading__text{color:var(--theme-palette-color-8, #ffffff) !important;}<\/style><h4 class=\"stk-block-heading__text has-text-color has-text-align-center\">EVA ESCALERA L\u00d3PEZ<\/h4><\/div>\n\n\n\n<div class=\"wp-block-stackable-text stk-block-text stk-block stk-26666e9\" data-block-id=\"26666e9\"><style>.stk-26666e9 {margin-bottom:40px !important;opacity:0.5 !important;}.stk-26666e9 .stk-block-text__text{color:var(--theme-palette-color-8, #ffffff) !important;}<\/style><p class=\"stk-block-text__text has-text-color has-text-align-center\">Profesional apasionada y multifac\u00e9tica, con experiencia en el sector t\u00e9cnico y social. Como t\u00e9cnico certificado en el Reglamento de Instalaciones T\u00e9rmicas en Edificios (RITE), garantiza que nuestros proyectos cumplan con los m\u00e1s altos est\u00e1ndares de calidad y seguridad. Adem\u00e1s, su formaci\u00f3n en integraci\u00f3n social e inteligencia emocional le permite trabajar eficazmente en equipo, promoviendo un ambiente colaborativo y comprensivo.<\/p><\/div>\n<\/div><\/div><\/div>\n\n\n\n<div class=\"wp-block-stackable-column stk-block-column stk-column stk-block stk-277aad8\" data-v=\"4\" data-block-id=\"277aad8\"><style>.stk-277aad8-container{margin-top:0px !important;margin-right:0px !important;margin-bottom:0px !important;margin-left:0px !important;}<\/style><div class=\"stk-column-wrapper stk-block-column__content stk-container stk-277aad8-container stk--no-background stk--no-padding\"><div class=\"stk-block-content stk-inner-blocks stk-277aad8-inner-blocks\">\n<div class=\"wp-block-stackable-image stk-block-image stk-block stk-141c5b1\" data-block-id=\"141c5b1\"><style>.stk-141c5b1 {margin-bottom:50px !important;}<\/style><figure><span class=\"stk-img-wrapper stk-image--shape-stretch\"><img loading=\"lazy\" decoding=\"async\" class=\"stk-img wp-image-868\" src=\"https:\/\/instalacionesmeraki.com\/wp-content\/uploads\/2025\/05\/1000088794-e1748376205242.jpg\" width=\"1200\" height=\"1310\" srcset=\"https:\/\/instalacionesmeraki.com\/wp-content\/uploads\/2025\/05\/1000088794-e1748376205242.jpg 1200w, https:\/\/instalacionesmeraki.com\/wp-content\/uploads\/2025\/05\/1000088794-e1748376205242-275x300.jpg 275w, https:\/\/instalacionesmeraki.com\/wp-content\/uploads\/2025\/05\/1000088794-e1748376205242-938x1024.jpg 938w, https:\/\/instalacionesmeraki.com\/wp-content\/uploads\/2025\/05\/1000088794-e1748376205242-768x838.jpg 768w\" sizes=\"auto, (max-width: 1200px) 100vw, 1200px\" \/><\/span><\/figure><\/div>\n\n\n\n<div class=\"wp-block-stackable-heading stk-block-heading stk-block-heading--v2 stk-block stk-b88ff46\" id=\"carlos-mena-mijares\" data-block-id=\"b88ff46\"><style>.stk-b88ff46 {margin-bottom:15px !important;}.stk-b88ff46 .stk-block-heading__text{color:var(--theme-palette-color-8, #ffffff) !important;}<\/style><h4 class=\"stk-block-heading__text has-text-color has-text-align-center\">CARLOS MENA MIJARES<\/h4><\/div>\n\n\n\n<div class=\"wp-block-stackable-text stk-block-text stk-block stk-8136c56\" data-block-id=\"8136c56\"><style>.stk-8136c56 {margin-bottom:40px !important;opacity:0.5 !important;}.stk-8136c56 .stk-block-text__text{color:var(--theme-palette-color-8, #ffffff) !important;}<\/style><p class=\"stk-block-text__text has-text-color has-text-align-center\">Con m\u00e1s de 12 a\u00f1os de experiencia en el sector, Carlos Mena es un experto consolidado en su campo. Su compromiso con la excelencia y su profundo conocimiento del sector le permiten ofrecer soluciones innovadoras y efectivas que superan las expectativas de nuestros clientes. Es una pieza clave, aportando no solo su experiencia, sino tambi\u00e9n su dedicaci\u00f3n y pasi\u00f3n por el trabajo bien hecho.<\/p><\/div>\n<\/div><\/div><\/div>\n<\/div><\/div>\n<\/div><\/div><\/div>\n<\/div><\/div>\n\n\n\n<div class=\"wp-block-stackable-spacer stk-block-spacer stk--no-padding stk-block stk-8d3f775\" data-block-id=\"8d3f775\"><style>.stk-8d3f775 {height:100px !important;}@media screen and (max-width:999px){.stk-8d3f775 {height:60px !important;}}<\/style><\/div>\n\n\n\n<p><\/p>\n","protected":false},"excerpt":{"rendered":"<p>NUESTRA HISTORIA NUESTRA HISTORIA Instalaciones Meraki es una empresa profesional ubicada en la localidad de M\u00e1laga, especializada en climatizaci\u00f3n, calefacci\u00f3n, agua caliente sanitaria, instalaciones fotovoltaicas y reparaci\u00f3n de electrodom\u00e9sticos. Fundada por un t\u00e9cnico certificado en el Reglamento de Instalaciones T\u00e9rmicas en Edificios (RITE) y con formaci\u00f3n en integraci\u00f3n social e inteligencia emocional, nuestra empresa nace [&hellip;]<\/p>\n","protected":false},"author":1,"featured_media":0,"parent":0,"menu_order":0,"comment_status":"closed","ping_status":"closed","template":"","meta":{"footnotes":""},"class_list":["post-14","page","type-page","status-publish","hentry"],"blocksy_meta":{"styles_descriptor":{"styles":{"desktop":"","tablet":"","mobile":""},"google_fonts":[],"version":6},"page_title_panel":"","has_hero_section":"disabled","1f03916223e497f902b6ea1f41879de5":"","hero_section":"type-1","hero_elements":[{"id":"custom_title","enabled":true,"heading_tag":"h1","title":"Home"},{"id":"custom_description","enabled":true,"description_visibility":{"desktop":true,"tablet":true,"mobile":false}},{"id":"custom_meta","enabled":false,"meta_elements":[{"id":"author","enabled":true,"label":"By","has_author_avatar":"yes","avatar_size":25},{"id":"post_date","enabled":true,"label":"On","date_format_source":"default","date_format":"M j, Y"},{"id":"updated_date","enabled":false,"label":"On","date_format_source":"default","date_format":"M j, Y"},{"id":"categories","enabled":false,"label":"In","style":"simple"},{"id":"comments","enabled":true}],"page_meta_elements":{"joined":true,"articles_count":true,"comments":true}},{"id":"breadcrumbs","enabled":false}],"ee22a3572202750f968be8a1ba560054":"","hero_alignment1":"CT_CSS_SKIP_RULE","hero_margin":40,"hero_alignment2":"center","hero_vertical_alignment":"center","7e564e052697317af9efb915c566b5df":"","hero_structure":"narrow","4537bd8aa4756072752e0f23a3371357":"","page_title_bg_type":"featured_image","custom_hero_background":{"attachment_id":null},"page_title_image_size":"full","parallax":{"desktop":false,"tablet":false,"mobile":false},"e7d6cb9b61dc9375e9a731ef76ea62f9":"","hero_height":"250px","pageTitleFont":{"family":"Default","variation":"Default","size":"30px","line-height":"CT_CSS_SKIP_RULE","letter-spacing":"CT_CSS_SKIP_RULE","text-transform":"CT_CSS_SKIP_RULE","text-decoration":"CT_CSS_SKIP_RULE"},"pageTitleFontColor":{"default":{"color":"CT_CSS_SKIP_RULEDEFAULT"}},"pageMetaFont":{"family":"Default","variation":"n6","size":"12px","line-height":"1.3","letter-spacing":"CT_CSS_SKIP_RULE","text-transform":"uppercase","text-decoration":"CT_CSS_SKIP_RULE"},"pageMetaFontColor":{"default":{"color":"CT_CSS_SKIP_RULEDEFAULT"},"hover":{"color":"CT_CSS_SKIP_RULEDEFAULT"}},"page_meta_button_type_font_colors":{"default":{"color":"CT_CSS_SKIP_RULEDEFAULT"},"hover":{"color":"CT_CSS_SKIP_RULEDEFAULT"}},"page_meta_button_type_background_colors":{"default":{"color":"CT_CSS_SKIP_RULEDEFAULT"},"hover":{"color":"CT_CSS_SKIP_RULEDEFAULT"}},"pageExcerptFont":{"family":"Default","variation":"Default","size":"CT_CSS_SKIP_RULE","line-height":"CT_CSS_SKIP_RULE","letter-spacing":"CT_CSS_SKIP_RULE","text-transform":"CT_CSS_SKIP_RULE","text-decoration":"CT_CSS_SKIP_RULE"},"pageExcerptColor":{"default":{"color":"CT_CSS_SKIP_RULEDEFAULT"}},"breadcrumbsFont":{"family":"Default","variation":"Default","size":"CT_CSS_SKIP_RULE","line-height":"CT_CSS_SKIP_RULE","letter-spacing":"CT_CSS_SKIP_RULE","text-transform":"CT_CSS_SKIP_RULE","text-decoration":"CT_CSS_SKIP_RULE"},"breadcrumbsFontColor":{"default":{"color":"CT_CSS_SKIP_RULEDEFAULT"},"initial":{"color":"CT_CSS_SKIP_RULEDEFAULT"},"hover":{"color":"CT_CSS_SKIP_RULEDEFAULT"}},"pageTitleOverlay":{"background_type":"color","background_pattern":"type-1","background_image":{"attachment_id":null,"x":0,"y":0},"gradient":"linear-gradient(135deg,rgba(6,147,227,1) 0%,rgb(155,81,224) 100%)","background_repeat":"repeat","background_size":"auto","background_attachment":"scroll","patternColor":{"default":{"color":"#e5e7ea"}},"overlayColor":{"default":{"color":"CT_CSS_SKIP_RULE"}},"backgroundColor":{"default":{"color":"CT_CSS_SKIP_RULE"}}},"pageTitleBackground":{"background_type":"color","background_pattern":"type-1","background_image":{"attachment_id":null,"x":0,"y":0},"gradient":"linear-gradient(135deg,rgba(6,147,227,1) 0%,rgb(155,81,224) 100%)","background_repeat":"repeat","background_size":"auto","background_attachment":"scroll","patternColor":{"default":{"color":"#e5e7ea"}},"overlayColor":{"default":{"color":"CT_CSS_SKIP_RULE"}},"backgroundColor":{"default":{"color":"var(--theme-palette-color-6)"}}},"pageTitlePadding":{"top":"50px","bottom":"50px","left":"auto","right":"auto","linked":true},"9594b949e5b7eac790c20f18a66344ec":"","page_structure_type":"default","b3c19357fc1aac9b9ba16039964435fe":"","content_style_source":"inherit","content_style":"wide","vertical_spacing_source":"custom","content_area_spacing":"none","background":{"background_type":"color","background_pattern":"type-1","background_image":{"attachment_id":null,"x":0,"y":0},"gradient":"linear-gradient(135deg,rgba(6,147,227,1) 0%,rgb(155,81,224) 100%)","background_repeat":"repeat","background_size":"auto","background_attachment":"scroll","patternColor":{"default":{"color":"#e5e7ea"}},"overlayColor":{"default":{"color":"CT_CSS_SKIP_RULE"}},"backgroundColor":{"default":{"color":"CT_CSS_SKIP_RULE"}}},"content_background":{"background_type":"color","background_pattern":"type-1","background_image":{"attachment_id":null,"x":0,"y":0},"gradient":"linear-gradient(135deg,rgba(6,147,227,1) 0%,rgb(155,81,224) 100%)","background_repeat":"repeat","background_size":"auto","background_attachment":"scroll","patternColor":{"default":{"color":"#e5e7ea"}},"overlayColor":{"default":{"color":"CT_CSS_SKIP_RULE"}},"backgroundColor":{"default":{"color":"var(--theme-palette-color-8)"}}},"content_boxed_shadow":{"inherit":false,"blur":18,"spread":-6,"v_offset":12,"h_offset":0,"inset":false,"enable":true,"color":{"color":"rgba(34, 56, 101, 0.04)"}},"content_boxed_border":{"width":1,"style":"none","color":{"color":"rgba(44,62,80,0.2)"}},"content_boxed_radius":{"top":"3px","bottom":"3px","left":"3px","right":"3px","linked":true},"boxed_content_spacing":{"desktop":{"top":"40px","bottom":"40px","left":"40px","right":"40px","linked":true},"tablet":{"top":"35px","bottom":"35px","left":"35px","right":"35px","linked":true},"mobile":{"top":"20px","bottom":"20px","left":"20px","right":"20px","linked":true}},"f00738e0ec7a991b33f9e30ef07ece20":"","disable_featured_image":"no","disable_share_box":"no","disable_header":"no","disable_footer":"no"},"_links":{"self":[{"href":"https:\/\/instalacionesmeraki.com\/index.php\/wp-json\/wp\/v2\/pages\/14","targetHints":{"allow":["GET"]}}],"collection":[{"href":"https:\/\/instalacionesmeraki.com\/index.php\/wp-json\/wp\/v2\/pages"}],"about":[{"href":"https:\/\/instalacionesmeraki.com\/index.php\/wp-json\/wp\/v2\/types\/page"}],"author":[{"embeddable":true,"href":"https:\/\/instalacionesmeraki.com\/index.php\/wp-json\/wp\/v2\/users\/1"}],"replies":[{"embeddable":true,"href":"https:\/\/instalacionesmeraki.com\/index.php\/wp-json\/wp\/v2\/comments?post=14"}],"version-history":[{"count":8,"href":"https:\/\/instalacionesmeraki.com\/index.php\/wp-json\/wp\/v2\/pages\/14\/revisions"}],"predecessor-version":[{"id":929,"href":"https:\/\/instalacionesmeraki.com\/index.php\/wp-json\/wp\/v2\/pages\/14\/revisions\/929"}],"wp:attachment":[{"href":"https:\/\/instalacionesmeraki.com\/index.php\/wp-json\/wp\/v2\/media?parent=14"}],"curies":[{"name":"wp","href":"https:\/\/api.w.org\/{rel}","templated":true}]}}